{"id":3,"date":"2019-05-19T00:28:23","date_gmt":"2019-05-19T00:28:23","guid":{"rendered":"https:\/\/gitafoto.com\/loja\/?page_id=3"},"modified":"2019-05-19T02:07:46","modified_gmt":"2019-05-19T02:07:46","slug":"politica-de-privacidade","status":"publish","type":"page","link":"https:\/\/gitafoto.com\/loja\/politica-de-privacidade\/","title":{"rendered":"Pol\u00edtica de privacidade"},"content":{"rendered":"\r\n<h2 class=\"wp-block-heading\">Quem somos<\/h2>\r\n<p>Gita Fotografia Profissional<br \/>Rua 1\u00bade Maio n\u00ba 79A 2835-147 Baixa da Banheira<br \/>Telefones: +351212091463 \/ +351212045575<br \/>Telemovel: +351965367704<br \/>Email : gitafoto@gitafoto.com<\/p>\r\n<p>O endere\u00e7o do nosso site \u00e9: https:\/\/gitafoto.com<\/p>\r\n<h3>Coment\u00e1rios<\/h3>\r\n<p>Quando os visitantes deixam coment\u00e1rios no site, s\u00e3o guardados os dados presentes no formul\u00e1rio dos coment\u00e1rios, bem como o endere\u00e7o de IP e o agente do utilizador do navegador, para ajudar com a detec\u00e7\u00e3o de spam.<\/p>\r\n<h3>Multim\u00e9dia<\/h3>\r\n<p><strong class=\"privacy-policy-tutorial\">\u00a0<\/strong>Ao carregar imagens para o site, deve evitar carregar imagens com dados incorporados de geolocaliza\u00e7\u00e3o (EXIF GPS). Os visitantes podem descarregar e extrair os dados de geolocaliza\u00e7\u00e3o das imagens do site.<\/p>\r\n<h3>Formul\u00e1rios de contacto<\/h3>\r\n<p>Todos os dados ser\u00e3o usados \u00fanica e exclusivamente para fins de apoio ao cliente.<\/p>\r\n<h3>Cookies<\/h3>\r\n<p>Se deixar um coment\u00e1rio no nosso site pode optar por guardar o seu nome, endere\u00e7o de email e site nos cookies. Isto \u00e9 para sua conveni\u00eancia para n\u00e3o ter de preencher novamente os seus dados quando deixar outro coment\u00e1rio. Estes cookies durar\u00e3o um ano.<\/p>\r\n<p>Se tem uma conta e iniciar sess\u00e3o neste site, ser\u00e1 configurado um cookie tempor\u00e1rio para determinar se o seu navegador aceita cookies. Este cookie n\u00e3o cont\u00e9m dados pessoais e ser\u00e1 eliminado ao fechar o seu navegador.<\/p>\r\n<p>Ao iniciar a sess\u00e3o, ser\u00e3o configurados alguns cookies para guardar a sua informa\u00e7\u00e3o de sess\u00e3o e as suas escolhas de visualiza\u00e7\u00e3o de ecr\u00e3. Os cookies de in\u00edcio de sess\u00e3o duram um ano. Se seleccionar &#8220;Lembrar-me&#8221;, a sua sess\u00e3o ir\u00e1 persistir durante duas semanas. Ao terminar a sess\u00e3o, os cookies de inicio de sess\u00e3o ser\u00e3o removidos.<\/p>\r\n<p>Se editar ou publicar um artigo, ser\u00e1 guardado no seu navegador um cookie adicional. Este cookie n\u00e3o inclui dados pessoais apenas indica o ID de conte\u00fado do artigo que acabou de editar. Expira ao fim de 1 dia.<\/p>\r\n<h3>Conte\u00fado incorporado de outros sites<\/h3>\r\n<p>Os artigos neste site podem incluir conte\u00fado incorporado (por exemplo: v\u00eddeos, imagens, artigos, etc.). O conte\u00fado incorporado de outros sites comporta-se tal como se o utilizador visitasse esses sites.<\/p>\r\n<h2>Com quem s\u00e3o partilhados os seus dados<\/h2>\r\n<p>Os seus dados n\u00e3o ser\u00e3o partilhados com terceiros.<\/p>\r\n<h2>Por quanto tempo s\u00e3o retidos os seus dados<\/h2>\r\n<p>Se deixar um coment\u00e1rio, o coment\u00e1rio e os seus metadados s\u00e3o guardados indefinidamente. Isto acontece de modo a ser poss\u00edvel reconhecer e aprovar automaticamente quaisquer coment\u00e1rios seguintes, em vez de os colocar numa fila de modera\u00e7\u00e3o.<\/p>\r\n<p>Para utilizadores que se registem no nosso site (se algum), guardamos a informa\u00e7\u00e3o pessoal fornecida no seu perfil de utilizador. Todos os utilizadores podem ver, editar, ou eliminar a sua informa\u00e7\u00e3o pessoal a qualquer momento (com a excep\u00e7\u00e3o de n\u00e3o poderem alterar o nome de utilizador). Os administradores do site podem tamb\u00e9m ver e editar essa informa\u00e7\u00e3o.<\/p>\r\n<h2>Que direitos tem sobre os seus dados<\/h2>\r\n<p>Se tiver uma conta neste site, ou deixou coment\u00e1rios, pode pedir para receber um ficheiro de exporta\u00e7\u00e3o com os dados pessoais guardados sobre si, incluindo qualquer dado pessoal que indicou. Tamb\u00e9m pode solicitar que os dados guardados sejam eliminados. Isto n\u00e3o inclui qualquer dado pessoal que seja obrigat\u00f3rio manter para fins administrativos, legais ou de seguran\u00e7a.<\/p>\r\n<h2>Informa\u00e7\u00f5es adicionais<\/h2>\r\n<h2>E-Commerce<\/h2>\r\n<h2>O que recolhemos e armazenamos<\/h2>\r\n<p>Enquanto voc\u00ea visita o nosso site, vamos registar:<\/p>\r\n<ul>\r\n<li>Produtos que visualizou: utilizaremos isto, por exemplo, para mostrar produtos que tenha visto recentemente<\/li>\r\n<li>Localiza\u00e7\u00e3o, endere\u00e7o IP e tipo de navegador: utilizaremos para estimativa de impostos e transporte<\/li>\r\n<li>Morada de envio: iremos pedir-lhe para, por exemplo, estimar os custos de transporte antes de efectuar uma encomenda!<\/li>\r\n<\/ul>\r\n<p>Tamb\u00e9m utilizamos cookies para manter o conte\u00fado do carrinho enquanto navega no nosso site.<\/p>\r\n<p>Quando voc\u00ea compra na nossa loja, vamos pedir-lhe para fornecer informa\u00e7\u00f5es, incluindo o seu nome, endere\u00e7o de factura\u00e7\u00e3o, endere\u00e7o de envio, endere\u00e7o de email, n\u00famero de telefone, cart\u00e3o de cr\u00e9dito\/detalhes de pagamento e informa\u00e7\u00f5es de conta opcional, como utilizador e password. Utilizaremos essas informa\u00e7\u00f5es para fins, tais como:<\/p>\r\n<ul>\r\n<li>Enviar-lhe informa\u00e7\u00f5es sobre a sua conta e encomenda<\/li>\r\n<li>Responder aos seus pedidos, incluindo reembolsos e queixas<\/li>\r\n<li>Processamento de pagamentos e preven\u00e7\u00e3o de fraude<\/li>\r\n<li>Configure a sua conta para a nossa loja<\/li>\r\n<li>Cumprir todas as obriga\u00e7\u00f5es legais que temos, como o c\u00e1lculo de impostos<\/li>\r\n<li>Melhorar as ofertas da nossa loja<\/li>\r\n<li>Enviar-lhe mensagens de marketing, se desejar recebe-las<\/li>\r\n<\/ul>\r\n<p>Se criar uma conta, guardamos o seu nome, morada, email e n\u00famero de telefone, que ser\u00e3o utilizados para preencher os seus dados nas pr\u00f3ximas encomendas.<\/p>\r\n<p>Em geral, armazenamos informa\u00e7\u00f5es sobre si enquanto precisamos desses dados para os motivos que os colectamos, e n\u00e3o somos obrigados, por lei, a continuar a mant\u00ea-los. Por exemplo, armazenaremos informa\u00e7\u00f5es por XXX anos para fins fiscais e contabil\u00edsticos. Isso inclui o seu nome, endere\u00e7o de email, morada de factura\u00e7\u00e3o e envio.<\/p>\r\n<p>Guardamos coment\u00e1rios ou avalia\u00e7\u00f5es.<\/p>\r\n<h2>Quem na nossa equipa tem acesso<\/h2>\r\n<p>Os membros da nossa equipa tem acesso a informa\u00e7\u00e3o que nos fornece. Por exemplo, os administradores e gestores de loja podem aceder a:<\/p>\r\n<ul>\r\n<li>Informa\u00e7\u00f5es da encomenda, o que comprou, quando comprou e para onde ser\u00e1 enviar, e<\/li>\r\n<li>As informa\u00e7\u00f5es do cliente como o nome, email e morada de factura\u00e7\u00e3o e envio.<\/li>\r\n<\/ul>\r\n<p>Os membros da nossa equipa t\u00eam acesso a esta informa\u00e7\u00e3o para satisfazer encomendas, processar devolu\u00e7\u00f5es e apoio ao cliente.<\/p>\r\n<h3>Pagamentos<\/h3>\r\n<p>Aceitamos pagamentos via PayPal e IfthenPay . Ao processar os pagamentos, alguns dos seus dados s\u00e3o enviados ao PayPal, sendo informa\u00e7\u00e3o necess\u00e1ria para processar e gerir o pagamento, como o total da encomenda e a informa\u00e7\u00e3o de factura\u00e7\u00e3o.<\/p>\r\n<p>Por favor veja a\u00a0<a href=\"https:\/\/www.paypal.com\/us\/webapps\/mpp\/ua\/privacy-full\">Pol\u00edtica de Privacidade do PayPal<\/a>\u00a0para mais informa\u00e7\u00f5es.<\/p>\r\n<p>Por favor veja a\u00a0<a href=\"https:\/\/ifthenpay.com\/termos-politica-privacidade\/\">Pol\u00edtica de Privacidade do IfthenPay<\/a>\u00a0para mais informa\u00e7\u00f5es.<\/p>\r\n","protected":false},"excerpt":{"rendered":"<p>Quem somos Gita Fotografia ProfissionalRua 1\u00bade Maio n\u00ba 79A 2835-147 Baixa da BanheiraTelefones: +351212091463 \/ +351212045575Telemovel: +351965367704Email : gitafoto@gitafoto.com O endere\u00e7o do nosso site \u00e9: https:\/\/gitafoto.com Coment\u00e1rios Quando os visitantes deixam coment\u00e1rios no site, s\u00e3o guardados os dados presentes no formul\u00e1rio dos coment\u00e1rios, bem como o endere\u00e7o de IP e o agente do utilizador do [&hellip;]<\/p>\n","protected":false},"author":5,"featured_media":0,"parent":0,"menu_order":0,"comment_status":"closed","ping_status":"open","template":"","meta":{"site-sidebar-layout":"default","site-content-layout":"plain-container","ast-site-content-layout":"default","site-content-style":"default","site-sidebar-style":"default","ast-global-header-display":"","ast-banner-title-visibility":"","ast-main-header-display":"","ast-hfb-above-header-display":"","ast-hfb-below-header-display":"","ast-hfb-mobile-header-display":"","site-post-title":"","ast-breadcrumbs-content":"","ast-featured-img":"","footer-sml-layout":"","ast-disable-related-posts":"","theme-transparent-header-meta":"default","adv-header-id-meta":"","stick-header-meta":"","header-above-stick-meta":"","header-main-stick-meta":"","header-below-stick-meta":"","astra-migrate-meta-layouts":"default","ast-page-background-enabled":"default","ast-page-background-meta":{"desktop":{"background-color":"","background-image":"","background-repeat":"repeat","background-position":"center center","background-size":"auto","background-attachment":"scroll","background-type":"","background-media":"","overlay-type":"","overlay-color":"","overlay-opacity":"","overlay-gradient":""},"tablet":{"background-color":"","background-image":"","background-repeat":"repeat","background-position":"center center","background-size":"auto","background-attachment":"scroll","background-type":"","background-media":"","overlay-type":"","overlay-color":"","overlay-opacity":"","overlay-gradient":""},"mobile":{"background-color":"","background-image":"","background-repeat":"repeat","background-position":"center center","background-size":"auto","background-attachment":"scroll","background-type":"","background-media":"","overlay-type":"","overlay-color":"","overlay-opacity":"","overlay-gradient":""}},"ast-content-background-meta":{"desktop":{"background-color":"var(--ast-global-color-5)","background-image":"","background-repeat":"repeat","background-position":"center center","background-size":"auto","background-attachment":"scroll","background-type":"","background-media":"","overlay-type":"","overlay-color":"","overlay-opacity":"","overlay-gradient":""},"tablet":{"background-color":"var(--ast-global-color-5)","background-image":"","background-repeat":"repeat","background-position":"center center","background-size":"auto","background-attachment":"scroll","background-type":"","background-media":"","overlay-type":"","overlay-color":"","overlay-opacity":"","overlay-gradient":""},"mobile":{"background-color":"var(--ast-global-color-5)","background-image":"","background-repeat":"repeat","background-position":"center center","background-size":"auto","background-attachment":"scroll","background-type":"","background-media":"","overlay-type":"","overlay-color":"","overlay-opacity":"","overlay-gradient":""}},"footnotes":""},"class_list":["post-3","page","type-page","status-publish","hentry"],"_links":{"self":[{"href":"https:\/\/gitafoto.com\/loja\/wp-json\/wp\/v2\/pages\/3","targetHints":{"allow":["GET"]}}],"collection":[{"href":"https:\/\/gitafoto.com\/loja\/wp-json\/wp\/v2\/pages"}],"about":[{"href":"https:\/\/gitafoto.com\/loja\/wp-json\/wp\/v2\/types\/page"}],"author":[{"embeddable":true,"href":"https:\/\/gitafoto.com\/loja\/wp-json\/wp\/v2\/users\/5"}],"replies":[{"embeddable":true,"href":"https:\/\/gitafoto.com\/loja\/wp-json\/wp\/v2\/comments?post=3"}],"version-history":[{"count":1,"href":"https:\/\/gitafoto.com\/loja\/wp-json\/wp\/v2\/pages\/3\/revisions"}],"predecessor-version":[{"id":50,"href":"https:\/\/gitafoto.com\/loja\/wp-json\/wp\/v2\/pages\/3\/revisions\/50"}],"wp:attachment":[{"href":"https:\/\/gitafoto.com\/loja\/wp-json\/wp\/v2\/media?parent=3"}],"curies":[{"name":"wp","href":"https:\/\/api.w.org\/{rel}","templated":true}]}}